{"id":6889,"date":"2022-05-07T12:13:25","date_gmt":"2022-05-07T10:13:25","guid":{"rendered":"https:\/\/cathyzimmermann.eu\/cathi-bali-2-0\/?page_id=6889"},"modified":"2022-07-12T21:16:18","modified_gmt":"2022-07-12T19:16:18","slug":"impressum","status":"publish","type":"page","link":"https:\/\/cathyzimmermann.com\/en\/impressum\/","title":{"rendered":"Impressum"},"content":{"rendered":"<div data-elementor-type=\"wp-page\" data-elementor-id=\"6889\" class=\"elementor elementor-6889\" data-elementor-post-type=\"page\">\n\t\t\t\t\t\t\t\t\t<section class=\"elementor-section elementor-top-section elementor-element elementor-element-7e1cee7 elementor-section-boxed elementor-section-height-default elementor-section-height-default\" data-id=\"7e1cee7\" data-element_type=\"section\" data-settings=\"{&quot;background_background&quot;:&quot;classic&quot;}\">\n\t\t\t\t\t\t<div class=\"elementor-container elementor-column-gap-default\">\n\t\t\t\t\t<div class=\"elementor-column elementor-col-100 elementor-top-column elementor-element elementor-element-f6d74a4\" data-id=\"f6d74a4\" data-element_type=\"column\">\n\t\t\t<div class=\"elementor-widget-wrap elementor-element-populated\">\n\t\t\t\t\t\t\t\t<div class=\"elementor-element elementor-element-5ff1a78 elementor-widget elementor-widget-heading\" data-id=\"5ff1a78\" data-element_type=\"widget\" data-widget_type=\"heading.default\">\n\t\t\t\t<div class=\"elementor-widget-container\">\n\t\t\t<style>\/*! elementor - v3.17.0 - 01-11-2023 *\/\n.elementor-heading-title{padding:0;margin:0;line-height:1}.elementor-widget-heading .elementor-heading-title[class*=elementor-size-]>a{color:inherit;font-size:inherit;line-height:inherit}.elementor-widget-heading .elementor-heading-title.elementor-size-small{font-size:15px}.elementor-widget-heading .elementor-heading-title.elementor-size-medium{font-size:19px}.elementor-widget-heading .elementor-heading-title.elementor-size-large{font-size:29px}.elementor-widget-heading .elementor-heading-title.elementor-size-xl{font-size:39px}.elementor-widget-heading .elementor-heading-title.elementor-size-xxl{font-size:59px}<\/style><h2 class=\"elementor-heading-title elementor-size-default\">Impressum<\/h2>\t\t<\/div>\n\t\t\t\t<\/div>\n\t\t\t\t\t<\/div>\n\t\t<\/div>\n\t\t\t\t\t\t\t<\/div>\n\t\t<\/section>\n\t\t\t\t<section class=\"elementor-section elementor-top-section elementor-element elementor-element-4982c57 elementor-section-boxed elementor-section-height-default elementor-section-height-default\" data-id=\"4982c57\" data-element_type=\"section\" data-settings=\"{&quot;background_background&quot;:&quot;classic&quot;}\">\n\t\t\t\t\t\t<div class=\"elementor-container elementor-column-gap-default\">\n\t\t\t\t\t<div class=\"elementor-column elementor-col-100 elementor-top-column elementor-element elementor-element-a28535e\" data-id=\"a28535e\" data-element_type=\"column\">\n\t\t\t<div class=\"elementor-widget-wrap elementor-element-populated\">\n\t\t\t\t\t\t\t\t<div class=\"elementor-element elementor-element-6d4832a elementor-widget elementor-widget-text-editor\" data-id=\"6d4832a\" data-element_type=\"widget\" data-widget_type=\"text-editor.default\">\n\t\t\t\t<div class=\"elementor-widget-container\">\n\t\t\t<style>\/*! elementor - v3.17.0 - 01-11-2023 *\/\n.elementor-widget-text-editor.elementor-drop-cap-view-stacked .elementor-drop-cap{background-color:#69727d;color:#fff}.elementor-widget-text-editor.elementor-drop-cap-view-framed .elementor-drop-cap{color:#69727d;border:3px solid;background-color:transparent}.elementor-widget-text-editor:not(.elementor-drop-cap-view-default) .elementor-drop-cap{margin-top:8px}.elementor-widget-text-editor:not(.elementor-drop-cap-view-default) .elementor-drop-cap-letter{width:1em;height:1em}.elementor-widget-text-editor .elementor-drop-cap{float:left;text-align:center;line-height:1;font-size:50px}.elementor-widget-text-editor .elementor-drop-cap-letter{display:inline-block}<\/style>\t\t\t\t<p class=\"adsimple-221070448\" style=\"text-align: center;\">Informationspflicht laut \u00a75 E-Commerce Gesetz, \u00a714 Unternehmensgesetzbuch, \u00a763 Gewerbeordnung und Offenlegungspflicht laut \u00a725 Mediengesetz.<\/p><p class=\"adsimple-221070448\" style=\"text-align: center;\">Cathy Zimmermann<br \/>Pererenan, Mengwi, Badung, 80361 Bali<\/p><p class=\"adsimple-221070448\" style=\"text-align: center;\"><strong>E-Mail:<\/strong>\u00a0<a href=\"mailto:office@cathyzimmermann.eu\">office@cathyzimmermann.com<\/a><\/p><p style=\"text-align: center;\">Quelle: Erstellt\u00a0mit dem\u00a0<a title=\"Impressum Generator von firmenwebseiten.at\" href=\"https:\/\/www.firmenwebseiten.at\/impressum-generator\/\" target=\"_blank\" rel=\"follow noopener\">Impressum Generator von firmenwebseiten.at<\/a>\u00a0in Kooperation mit\u00a0<a class=\"external\" title=\"\" href=\"https:\/\/www.shopblog.at\/\" target=\"_blank\" rel=\"follow noopener\">shopblog.at<\/a><\/p><h2 class=\"adsimple-221070448\" style=\"text-align: center;\">EU-Streitschlichtung<\/h2><p style=\"text-align: center;\">Gem\u00e4\u00df Verordnung \u00fcber Online-Streitbeilegung in Verbraucherangelegenheiten (ODR-Verordnung) m\u00f6chten wir Sie \u00fcber die Online-Streitbeilegungsplattform (OS-Plattform) informieren. Verbraucher haben die M\u00f6glichkeit, Beschwerden an die Online Streitbeilegungsplattform der Europ\u00e4ischen Kommission unter\u00a0<a class=\"adsimple-221070448\" href=\"https:\/\/ec.europa.eu\/consumers\/odr\/main\/index.cfm?event=main.home2.show&amp;lng=DE\" target=\"_blank\" rel=\"nofollow noopener\">http:\/\/ec.europa.eu\/odr<\/a>\u00a0zu richten. Die daf\u00fcr notwendigen Kontaktdaten finden Sie oberhalb in unserem Impressum. Wir m\u00f6chten Sie jedoch darauf hinweisen, dass wir nicht bereit oder verpflichtet sind, an Streitbeilegungsverfahren vor einer Verbraucherschlichtungsstelle teilzunehmen.<\/p><h2 class=\"adsimple-221070448\" style=\"text-align: center;\">Haftung f\u00fcr Inhalte dieser Webseite<\/h2><p style=\"text-align: center;\">Wir entwickeln die Inhalte dieser Webseite st\u00e4ndig weiter und bem\u00fchen uns korrekte und aktuelle Informationen bereitzustellen. Leider k\u00f6nnen wir keine Haftung f\u00fcr die Korrektheit aller Inhalte auf dieser Webseite \u00fcbernehmen, speziell f\u00fcr jene die seitens Dritter bereitgestellt wurden. Sollten Ihnen problematische oder rechtswidrige Inhalte auffallen, bitte wir Sie uns umgehend zu kontaktieren, Sie finden die Kontaktdaten im Impressum.<\/p><h2 class=\"adsimple-221070448\" style=\"text-align: center;\">Haftung f\u00fcr Links auf dieser Webseite<\/h2><p style=\"text-align: center;\">Unsere Webseite enth\u00e4lt Links zu anderen Webseiten f\u00fcr deren Inhalt wir nicht verantwortlich sind. Haftung f\u00fcr verlinkte Websites besteht laut\u00a0<a class=\"adsimple-221070448\" href=\"https:\/\/www.ris.bka.gv.at\/Dokument.wxe?Abfrage=Bundesnormen&amp;Dokumentnummer=NOR40025813&amp;tid=221070448\" target=\"_blank\" rel=\"noopener nofollow\">\u00a7 17 ECG<\/a>\u00a0f\u00fcr uns nicht, da wir keine Kenntnis rechtswidriger T\u00e4tigkeiten hatten und haben, uns solche Rechtswidrigkeiten auch bisher nicht aufgefallen sind und wir Links sofort entfernen w\u00fcrden, wenn uns Rechtswidrigkeiten bekannt werden. Wenn Ihnen rechtswidrige Links auf unserer Website auffallen, bitte wir Sie uns zu kontaktieren, Sie finden die Kontaktdaten im Impressum.<\/p><h2 class=\"adsimple-221070448\" style=\"text-align: center;\">Urheberrechtshinweis<\/h2><p style=\"text-align: center;\">Alle Inhalte dieser Webseite (Bilder, Fotos, Texte, Videos) unterliegen dem Urheberrecht. Falls notwendig, werden wir die unerlaubte Nutzung von Teilen der Inhalte unserer Seite rechtlich verfolgen.<\/p><h2 class=\"adsimple-221070448\" style=\"text-align: center;\">Bildernachweis<\/h2><p style=\"text-align: center;\">Die Bilder, Fotos und Grafiken auf dieser Webseite sind urheberrechtlich gesch\u00fctzt. Die Bilderrechte liegen bei unseren Fotografen.<\/p>\t\t\t\t\t\t<\/div>\n\t\t\t\t<\/div>\n\t\t\t\t\t<\/div>\n\t\t<\/div>\n\t\t\t\t\t\t\t<\/div>\n\t\t<\/section>\n\t\t\t\t\t\t\t<\/div>","protected":false},"excerpt":{"rendered":"<p>Impressum Informationspflicht laut \u00a75 E-Commerce Gesetz, \u00a714 Unternehmensgesetzbuch, \u00a763 Gewerbeordnung und Offenlegungspflicht laut \u00a725 Mediengesetz. Cathy ZimmermannPererenan, Mengwi, Badung, 80361 Bali E-Mail:\u00a0office@cathyzimmermann.com Quelle: Erstellt\u00a0mit dem\u00a0Impressum Generator von firmenwebseiten.at\u00a0in Kooperation mit\u00a0shopblog.at EU-Streitschlichtung Gem\u00e4\u00df Verordnung \u00fcber Online-Streitbeilegung in Verbraucherangelegenheiten (ODR-Verordnung) m\u00f6chten wir Sie \u00fcber die Online-Streitbeilegungsplattform (OS-Plattform) informieren. Verbraucher haben die M\u00f6glichkeit, Beschwerden an die Online Streitbeilegungsplattform &hellip;<\/p>\n<p class=\"read-more\"> <a class=\"\" href=\"https:\/\/cathyzimmermann.com\/en\/impressum\/\"> <span class=\"screen-reader-text\">Impressum<\/span> Read More &raquo;<\/a><\/p>","protected":false},"author":1,"featured_media":0,"parent":0,"menu_order":0,"comment_status":"closed","ping_status":"closed","template":"elementor_header_footer","meta":{"site-sidebar-layout":"no-sidebar","site-content-layout":"page-builder","ast-global-header-display":"","ast-main-header-display":"","ast-hfb-above-header-display":"","ast-hfb-below-header-display":"","ast-hfb-mobile-header-display":"","site-post-title":"disabled","ast-breadcrumbs-content":"","ast-featured-img":"","footer-sml-layout":"","theme-transparent-header-meta":"","adv-header-id-meta":"","stick-header-meta":"","header-above-stick-meta":"","header-main-stick-meta":"","header-below-stick-meta":"","footnotes":""},"class_list":["post-6889","page","type-page","status-publish","hentry"],"yoast_head":"<!-- This site is optimized with the Yoast SEO plugin v21.5 - https:\/\/yoast.com\/wordpress\/plugins\/seo\/ -->\n<title>Impressum - Cathy Zimmermann<\/title>\n<meta name=\"robots\" content=\"index, follow, max-snippet:-1, max-image-preview:large, max-video-preview:-1\" \/>\n<link rel=\"canonical\" href=\"https:\/\/cathyzimmermann.com\/en\/impressum\/\" \/>\n<meta property=\"og:locale\" content=\"en_US\" \/>\n<meta property=\"og:type\" content=\"article\" \/>\n<meta property=\"og:title\" content=\"Impressum - Cathy Zimmermann\" \/>\n<meta property=\"og:description\" content=\"Impressum Informationspflicht laut \u00a75 E-Commerce Gesetz, \u00a714 Unternehmensgesetzbuch, \u00a763 Gewerbeordnung und Offenlegungspflicht laut \u00a725 Mediengesetz. Cathy ZimmermannPererenan, Mengwi, Badung, 80361 Bali E-Mail:\u00a0office@cathyzimmermann.com Quelle: Erstellt\u00a0mit dem\u00a0Impressum Generator von firmenwebseiten.at\u00a0in Kooperation mit\u00a0shopblog.at EU-Streitschlichtung Gem\u00e4\u00df Verordnung \u00fcber Online-Streitbeilegung in Verbraucherangelegenheiten (ODR-Verordnung) m\u00f6chten wir Sie \u00fcber die Online-Streitbeilegungsplattform (OS-Plattform) informieren. Verbraucher haben die M\u00f6glichkeit, Beschwerden an die Online Streitbeilegungsplattform &hellip; Impressum Read More &raquo;\" \/>\n<meta property=\"og:url\" content=\"https:\/\/cathyzimmermann.com\/en\/impressum\/\" \/>\n<meta property=\"og:site_name\" content=\"Cathy Zimmermann\" \/>\n<meta property=\"article:modified_time\" content=\"2022-07-12T19:16:18+00:00\" \/>\n<meta name=\"twitter:card\" content=\"summary_large_image\" \/>\n<meta name=\"twitter:label1\" content=\"Est. reading time\" \/>\n\t<meta name=\"twitter:data1\" content=\"2 minutes\" \/>\n<script type=\"application\/ld+json\" class=\"yoast-schema-graph\">{\"@context\":\"https:\/\/schema.org\",\"@graph\":[{\"@type\":\"WebPage\",\"@id\":\"https:\/\/cathyzimmermann.com\/impressum\/\",\"url\":\"https:\/\/cathyzimmermann.com\/impressum\/\",\"name\":\"Impressum - Cathy Zimmermann\",\"isPartOf\":{\"@id\":\"https:\/\/cathyzimmermann.com\/#website\"},\"datePublished\":\"2022-05-07T10:13:25+00:00\",\"dateModified\":\"2022-07-12T19:16:18+00:00\",\"breadcrumb\":{\"@id\":\"https:\/\/cathyzimmermann.com\/impressum\/#breadcrumb\"},\"inLanguage\":\"en-US\",\"potentialAction\":[{\"@type\":\"ReadAction\",\"target\":[\"https:\/\/cathyzimmermann.com\/impressum\/\"]}]},{\"@type\":\"BreadcrumbList\",\"@id\":\"https:\/\/cathyzimmermann.com\/impressum\/#breadcrumb\",\"itemListElement\":[{\"@type\":\"ListItem\",\"position\":1,\"name\":\"Startseite\",\"item\":\"https:\/\/cathyzimmermann.com\/\"},{\"@type\":\"ListItem\",\"position\":2,\"name\":\"Impressum\"}]},{\"@type\":\"WebSite\",\"@id\":\"https:\/\/cathyzimmermann.com\/#website\",\"url\":\"https:\/\/cathyzimmermann.com\/\",\"name\":\"Cathy Zimmermann\",\"description\":\"\",\"publisher\":{\"@id\":\"https:\/\/cathyzimmermann.com\/#\/schema\/person\/5a14243f644f81657363591d95071610\"},\"potentialAction\":[{\"@type\":\"SearchAction\",\"target\":{\"@type\":\"EntryPoint\",\"urlTemplate\":\"https:\/\/cathyzimmermann.com\/?s={search_term_string}\"},\"query-input\":\"required name=search_term_string\"}],\"inLanguage\":\"en-US\"},{\"@type\":[\"Person\",\"Organization\"],\"@id\":\"https:\/\/cathyzimmermann.com\/#\/schema\/person\/5a14243f644f81657363591d95071610\",\"name\":\"Cathy Zimmerman\",\"image\":{\"@type\":\"ImageObject\",\"inLanguage\":\"en-US\",\"@id\":\"https:\/\/cathyzimmermann.com\/#\/schema\/person\/image\/\",\"url\":\"http:\/\/cathyzimmermann.com\/wp-content\/uploads\/2022\/05\/cropped-CZ-15.png\",\"contentUrl\":\"http:\/\/cathyzimmermann.com\/wp-content\/uploads\/2022\/05\/cropped-CZ-15.png\",\"width\":512,\"height\":512,\"caption\":\"Cathy Zimmerman\"},\"logo\":{\"@id\":\"https:\/\/cathyzimmermann.com\/#\/schema\/person\/image\/\"},\"sameAs\":[\"https:\/\/www.instagram.com\/cathy_zimmermann\/\",\"https:\/\/www.linkedin.com\/in\/cathy-zimmermann\/\"]}]}<\/script>\n<!-- \/ Yoast SEO plugin. -->","yoast_head_json":{"title":"Impressum - Cathy Zimmermann","robots":{"index":"index","follow":"follow","max-snippet":"max-snippet:-1","max-image-preview":"max-image-preview:large","max-video-preview":"max-video-preview:-1"},"canonical":"https:\/\/cathyzimmermann.com\/en\/impressum\/","og_locale":"en_US","og_type":"article","og_title":"Impressum - Cathy Zimmermann","og_description":"Impressum Informationspflicht laut \u00a75 E-Commerce Gesetz, \u00a714 Unternehmensgesetzbuch, \u00a763 Gewerbeordnung und Offenlegungspflicht laut \u00a725 Mediengesetz. Cathy ZimmermannPererenan, Mengwi, Badung, 80361 Bali E-Mail:\u00a0office@cathyzimmermann.com Quelle: Erstellt\u00a0mit dem\u00a0Impressum Generator von firmenwebseiten.at\u00a0in Kooperation mit\u00a0shopblog.at EU-Streitschlichtung Gem\u00e4\u00df Verordnung \u00fcber Online-Streitbeilegung in Verbraucherangelegenheiten (ODR-Verordnung) m\u00f6chten wir Sie \u00fcber die Online-Streitbeilegungsplattform (OS-Plattform) informieren. Verbraucher haben die M\u00f6glichkeit, Beschwerden an die Online Streitbeilegungsplattform &hellip; Impressum Read More &raquo;","og_url":"https:\/\/cathyzimmermann.com\/en\/impressum\/","og_site_name":"Cathy Zimmermann","article_modified_time":"2022-07-12T19:16:18+00:00","twitter_card":"summary_large_image","twitter_misc":{"Est. reading time":"2 minutes"},"schema":{"@context":"https:\/\/schema.org","@graph":[{"@type":"WebPage","@id":"https:\/\/cathyzimmermann.com\/impressum\/","url":"https:\/\/cathyzimmermann.com\/impressum\/","name":"Impressum - Cathy Zimmermann","isPartOf":{"@id":"https:\/\/cathyzimmermann.com\/#website"},"datePublished":"2022-05-07T10:13:25+00:00","dateModified":"2022-07-12T19:16:18+00:00","breadcrumb":{"@id":"https:\/\/cathyzimmermann.com\/impressum\/#breadcrumb"},"inLanguage":"en-US","potentialAction":[{"@type":"ReadAction","target":["https:\/\/cathyzimmermann.com\/impressum\/"]}]},{"@type":"BreadcrumbList","@id":"https:\/\/cathyzimmermann.com\/impressum\/#breadcrumb","itemListElement":[{"@type":"ListItem","position":1,"name":"Startseite","item":"https:\/\/cathyzimmermann.com\/"},{"@type":"ListItem","position":2,"name":"Impressum"}]},{"@type":"WebSite","@id":"https:\/\/cathyzimmermann.com\/#website","url":"https:\/\/cathyzimmermann.com\/","name":"Cathy Zimmermann","description":"","publisher":{"@id":"https:\/\/cathyzimmermann.com\/#\/schema\/person\/5a14243f644f81657363591d95071610"},"potentialAction":[{"@type":"SearchAction","target":{"@type":"EntryPoint","urlTemplate":"https:\/\/cathyzimmermann.com\/?s={search_term_string}"},"query-input":"required name=search_term_string"}],"inLanguage":"en-US"},{"@type":["Person","Organization"],"@id":"https:\/\/cathyzimmermann.com\/#\/schema\/person\/5a14243f644f81657363591d95071610","name":"Cathy Zimmerman","image":{"@type":"ImageObject","inLanguage":"en-US","@id":"https:\/\/cathyzimmermann.com\/#\/schema\/person\/image\/","url":"http:\/\/cathyzimmermann.com\/wp-content\/uploads\/2022\/05\/cropped-CZ-15.png","contentUrl":"http:\/\/cathyzimmermann.com\/wp-content\/uploads\/2022\/05\/cropped-CZ-15.png","width":512,"height":512,"caption":"Cathy Zimmerman"},"logo":{"@id":"https:\/\/cathyzimmermann.com\/#\/schema\/person\/image\/"},"sameAs":["https:\/\/www.instagram.com\/cathy_zimmermann\/","https:\/\/www.linkedin.com\/in\/cathy-zimmermann\/"]}]}},"_links":{"self":[{"href":"https:\/\/cathyzimmermann.com\/en\/wp-json\/wp\/v2\/pages\/6889","targetHints":{"allow":["GET"]}}],"collection":[{"href":"https:\/\/cathyzimmermann.com\/en\/wp-json\/wp\/v2\/pages"}],"about":[{"href":"https:\/\/cathyzimmermann.com\/en\/wp-json\/wp\/v2\/types\/page"}],"author":[{"embeddable":true,"href":"https:\/\/cathyzimmermann.com\/en\/wp-json\/wp\/v2\/users\/1"}],"replies":[{"embeddable":true,"href":"https:\/\/cathyzimmermann.com\/en\/wp-json\/wp\/v2\/comments?post=6889"}],"version-history":[{"count":11,"href":"https:\/\/cathyzimmermann.com\/en\/wp-json\/wp\/v2\/pages\/6889\/revisions"}],"predecessor-version":[{"id":33108,"href":"https:\/\/cathyzimmermann.com\/en\/wp-json\/wp\/v2\/pages\/6889\/revisions\/33108"}],"wp:attachment":[{"href":"https:\/\/cathyzimmermann.com\/en\/wp-json\/wp\/v2\/media?parent=6889"}],"curies":[{"name":"wp","href":"https:\/\/api.w.org\/{rel}","templated":true}]}}