{"id":6245,"date":"2022-03-23T23:04:57","date_gmt":"2022-03-23T22:04:57","guid":{"rendered":"https:\/\/cathyzimmermann.eu\/cathi-bali-2-0\/?page_id=6245"},"modified":"2022-08-31T18:58:13","modified_gmt":"2022-08-31T16:58:13","slug":"e-book","status":"publish","type":"page","link":"https:\/\/cathyzimmermann.com\/en\/e-book\/","title":{"rendered":"E-Book"},"content":{"rendered":"<div data-elementor-type=\"wp-page\" data-elementor-id=\"6245\" class=\"elementor elementor-6245\" data-elementor-post-type=\"page\">\n\t\t\t\t\t\t\t\t\t<section class=\"elementor-section elementor-top-section elementor-element elementor-element-7e1cee7 elementor-section-boxed elementor-section-height-default elementor-section-height-default\" data-id=\"7e1cee7\" data-element_type=\"section\" data-settings=\"{&quot;background_background&quot;:&quot;classic&quot;}\">\n\t\t\t\t\t\t<div class=\"elementor-container elementor-column-gap-default\">\n\t\t\t\t\t<div class=\"elementor-column elementor-col-100 elementor-top-column elementor-element elementor-element-f6d74a4\" data-id=\"f6d74a4\" data-element_type=\"column\">\n\t\t\t<div class=\"elementor-widget-wrap elementor-element-populated\">\n\t\t\t\t\t\t\t\t<div class=\"elementor-element elementor-element-5ff1a78 elementor-widget elementor-widget-heading\" data-id=\"5ff1a78\" data-element_type=\"widget\" data-widget_type=\"heading.default\">\n\t\t\t\t<div class=\"elementor-widget-container\">\n\t\t\t<style>\/*! elementor - v3.17.0 - 01-11-2023 *\/\n.elementor-heading-title{padding:0;margin:0;line-height:1}.elementor-widget-heading .elementor-heading-title[class*=elementor-size-]>a{color:inherit;font-size:inherit;line-height:inherit}.elementor-widget-heading .elementor-heading-title.elementor-size-small{font-size:15px}.elementor-widget-heading .elementor-heading-title.elementor-size-medium{font-size:19px}.elementor-widget-heading .elementor-heading-title.elementor-size-large{font-size:29px}.elementor-widget-heading .elementor-heading-title.elementor-size-xl{font-size:39px}.elementor-widget-heading .elementor-heading-title.elementor-size-xxl{font-size:59px}<\/style><h2 class=\"elementor-heading-title elementor-size-default\">E-Book<\/h2>\t\t<\/div>\n\t\t\t\t<\/div>\n\t\t\t\t\t<\/div>\n\t\t<\/div>\n\t\t\t\t\t\t\t<\/div>\n\t\t<\/section>\n\t\t\t\t<section class=\"elementor-section elementor-top-section elementor-element elementor-element-460ccf1 elementor-section-boxed elementor-section-height-default elementor-section-height-default\" data-id=\"460ccf1\" data-element_type=\"section\" data-settings=\"{&quot;background_background&quot;:&quot;classic&quot;}\">\n\t\t\t\t\t\t<div class=\"elementor-container elementor-column-gap-default\">\n\t\t\t\t\t<div class=\"elementor-column elementor-col-50 elementor-top-column elementor-element elementor-element-0ec7caa\" data-id=\"0ec7caa\" data-element_type=\"column\">\n\t\t\t<div class=\"elementor-widget-wrap elementor-element-populated\">\n\t\t\t\t\t\t\t\t<div class=\"elementor-element elementor-element-64d7fab elementor-widget elementor-widget-image\" data-id=\"64d7fab\" data-element_type=\"widget\" data-widget_type=\"image.default\">\n\t\t\t\t<div class=\"elementor-widget-container\">\n\t\t\t<style>\/*! elementor - v3.17.0 - 01-11-2023 *\/\n.elementor-widget-image{text-align:center}.elementor-widget-image a{display:inline-block}.elementor-widget-image a img[src$=\".svg\"]{width:48px}.elementor-widget-image img{vertical-align:middle;display:inline-block}<\/style>\t\t\t\t\t\t\t\t\t\t\t\t<img loading=\"lazy\" decoding=\"async\" width=\"791\" height=\"1024\" src=\"https:\/\/cathyzimmermann.com\/wp-content\/uploads\/2022\/06\/Kopie-von-EN-Public-Speaking-in-Business-1-1-791x1024.png\" class=\"attachment-large size-large wp-image-9541\" alt=\"\" srcset=\"https:\/\/cathyzimmermann.com\/wp-content\/uploads\/2022\/06\/Kopie-von-EN-Public-Speaking-in-Business-1-1-791x1024.png 791w, https:\/\/cathyzimmermann.com\/wp-content\/uploads\/2022\/06\/Kopie-von-EN-Public-Speaking-in-Business-1-1-232x300.png 232w, https:\/\/cathyzimmermann.com\/wp-content\/uploads\/2022\/06\/Kopie-von-EN-Public-Speaking-in-Business-1-1-768x994.png 768w, https:\/\/cathyzimmermann.com\/wp-content\/uploads\/2022\/06\/Kopie-von-EN-Public-Speaking-in-Business-1-1-1187x1536.png 1187w, https:\/\/cathyzimmermann.com\/wp-content\/uploads\/2022\/06\/Kopie-von-EN-Public-Speaking-in-Business-1-1-9x12.png 9w, https:\/\/cathyzimmermann.com\/wp-content\/uploads\/2022\/06\/Kopie-von-EN-Public-Speaking-in-Business-1-1.png 1545w\" sizes=\"auto, (max-width: 791px) 100vw, 791px\" \/>\t\t\t\t\t\t\t\t\t\t\t\t\t\t\t<\/div>\n\t\t\t\t<\/div>\n\t\t\t\t\t<\/div>\n\t\t<\/div>\n\t\t\t\t<div class=\"elementor-column elementor-col-50 elementor-top-column elementor-element elementor-element-e0040d8\" data-id=\"e0040d8\" data-element_type=\"column\" data-settings=\"{&quot;background_background&quot;:&quot;classic&quot;}\">\n\t\t\t<div class=\"elementor-widget-wrap elementor-element-populated\">\n\t\t\t\t\t\t\t\t<div class=\"elementor-element elementor-element-0fdaab0 elementor-widget elementor-widget-heading\" data-id=\"0fdaab0\" data-element_type=\"widget\" data-widget_type=\"heading.default\">\n\t\t\t\t<div class=\"elementor-widget-container\">\n\t\t\t<h2 class=\"elementor-heading-title elementor-size-default\">Public Speaking in Business<\/h2>\t\t<\/div>\n\t\t\t\t<\/div>\n\t\t\t\t<div class=\"elementor-element elementor-element-4ee5784 elementor-widget elementor-widget-text-editor\" data-id=\"4ee5784\" data-element_type=\"widget\" data-widget_type=\"text-editor.default\">\n\t\t\t\t<div class=\"elementor-widget-container\">\n\t\t\t<style>\/*! elementor - v3.17.0 - 01-11-2023 *\/\n.elementor-widget-text-editor.elementor-drop-cap-view-stacked .elementor-drop-cap{background-color:#69727d;color:#fff}.elementor-widget-text-editor.elementor-drop-cap-view-framed .elementor-drop-cap{color:#69727d;border:3px solid;background-color:transparent}.elementor-widget-text-editor:not(.elementor-drop-cap-view-default) .elementor-drop-cap{margin-top:8px}.elementor-widget-text-editor:not(.elementor-drop-cap-view-default) .elementor-drop-cap-letter{width:1em;height:1em}.elementor-widget-text-editor .elementor-drop-cap{float:left;text-align:center;line-height:1;font-size:50px}.elementor-widget-text-editor .elementor-drop-cap-letter{display:inline-block}<\/style>\t\t\t\t<p>\"Public Speaking in Business\"! My second E-book is here and packed with value, great learnings and good ideas that will surely bring you forward if you are one of the lucky ones who \"have\" to present in front of others.\u00a0\u00a0<\/p>\t\t\t\t\t\t<\/div>\n\t\t\t\t<\/div>\n\t\t\t\t<div class=\"elementor-element elementor-element-4b161bb elementor-widget elementor-widget-text-editor\" data-id=\"4b161bb\" data-element_type=\"widget\" data-no-translation=\"\" data-widget_type=\"text-editor.default\">\n\t\t\t\t<div class=\"elementor-widget-container\">\n\t\t\t<style>.elementor-element-4b161bb{display:none !important}<\/style>\t\t<\/div>\n\t\t\t\t<\/div>\n\t\t\t\t<div class=\"elementor-element elementor-element-f7fd0d6 elementor-align-center elementor-widget elementor-widget-button\" data-id=\"f7fd0d6\" data-element_type=\"widget\" data-widget_type=\"button.default\">\n\t\t\t\t<div class=\"elementor-widget-container\">\n\t\t\t\t\t<div class=\"elementor-button-wrapper\">\n\t\t\t<a class=\"elementor-button elementor-button-link elementor-size-sm\" href=\"https:\/\/elopage.com\/s\/cathyzimmermann\/e-book-public-speaking-in-business\">\n\t\t\t\t\t\t<span class=\"elementor-button-content-wrapper\">\n\t\t\t\t\t\t<span class=\"elementor-button-text\">Buy E-Book<\/span>\n\t\t<\/span>\n\t\t\t\t\t<\/a>\n\t\t<\/div>\n\t\t\t\t<\/div>\n\t\t\t\t<\/div>\n\t\t\t\t\t<\/div>\n\t\t<\/div>\n\t\t\t\t\t\t\t<\/div>\n\t\t<\/section>\n\t\t\t\t<section class=\"elementor-section elementor-top-section elementor-element elementor-element-ad30f76 elementor-section-boxed elementor-section-height-default elementor-section-height-default\" data-id=\"ad30f76\" data-element_type=\"section\" data-settings=\"{&quot;background_background&quot;:&quot;classic&quot;}\">\n\t\t\t\t\t\t<div class=\"elementor-container elementor-column-gap-default\">\n\t\t\t\t\t<div class=\"elementor-column elementor-col-100 elementor-top-column elementor-element elementor-element-5248f40\" data-id=\"5248f40\" data-element_type=\"column\">\n\t\t\t<div class=\"elementor-widget-wrap elementor-element-populated\">\n\t\t\t\t\t\t\t\t<div class=\"elementor-element elementor-element-80f890f elementor-widget elementor-widget-heading\" data-id=\"80f890f\" data-element_type=\"widget\" data-widget_type=\"heading.default\">\n\t\t\t\t<div class=\"elementor-widget-container\">\n\t\t\t<h2 class=\"elementor-heading-title elementor-size-default\">Who needs this E-Book?<\/h2>\t\t<\/div>\n\t\t\t\t<\/div>\n\t\t\t\t\t<\/div>\n\t\t<\/div>\n\t\t\t\t\t\t\t<\/div>\n\t\t<\/section>\n\t\t\t\t<section class=\"elementor-section elementor-top-section elementor-element elementor-element-d981750 elementor-section-boxed elementor-section-height-default elementor-section-height-default\" data-id=\"d981750\" data-element_type=\"section\" data-settings=\"{&quot;background_background&quot;:&quot;classic&quot;}\">\n\t\t\t\t\t\t<div class=\"elementor-container elementor-column-gap-default\">\n\t\t\t\t\t<div class=\"elementor-column elementor-col-100 elementor-top-column elementor-element elementor-element-8e0b7c0\" data-id=\"8e0b7c0\" data-element_type=\"column\">\n\t\t\t<div class=\"elementor-widget-wrap elementor-element-populated\">\n\t\t\t\t\t\t\t\t<div class=\"elementor-element elementor-element-163101a elementor-widget elementor-widget-text-editor\" data-id=\"163101a\" data-element_type=\"widget\" data-widget_type=\"text-editor.default\">\n\t\t\t\t<div class=\"elementor-widget-container\">\n\t\t\t\t\t\t\t<p>This e-book is suitable for beginners and advanced public speakers who need to present online and offline in front of others answering at least one of the following questions with a YES:<\/p>\t\t\t\t\t\t<\/div>\n\t\t\t\t<\/div>\n\t\t\t\t\t<\/div>\n\t\t<\/div>\n\t\t\t\t\t\t\t<\/div>\n\t\t<\/section>\n\t\t\t\t<section class=\"elementor-section elementor-top-section elementor-element elementor-element-fee77b5 elementor-section-boxed elementor-section-height-default elementor-section-height-default\" data-id=\"fee77b5\" data-element_type=\"section\" data-settings=\"{&quot;background_background&quot;:&quot;classic&quot;}\">\n\t\t\t\t\t\t<div class=\"elementor-container elementor-column-gap-default\">\n\t\t\t\t\t<div class=\"elementor-column elementor-col-100 elementor-top-column elementor-element elementor-element-20fd029\" data-id=\"20fd029\" data-element_type=\"column\" data-settings=\"{&quot;background_background&quot;:&quot;classic&quot;}\">\n\t\t\t<div class=\"elementor-widget-wrap elementor-element-populated\">\n\t\t\t\t\t\t\t\t<div class=\"elementor-element elementor-element-325ac5d elementor-align-center elementor-mobile-align-left elementor-icon-list--layout-traditional elementor-list-item-link-full_width elementor-widget elementor-widget-icon-list\" data-id=\"325ac5d\" data-element_type=\"widget\" data-widget_type=\"icon-list.default\">\n\t\t\t\t<div class=\"elementor-widget-container\">\n\t\t\t<link rel=\"stylesheet\" href=\"https:\/\/cathyzimmermann.com\/wp-content\/plugins\/elementor\/assets\/css\/widget-icon-list.min.css\">\t\t<ul class=\"elementor-icon-list-items\">\n\t\t\t\t\t\t\t<li class=\"elementor-icon-list-item\">\n\t\t\t\t\t\t\t\t\t\t<span class=\"elementor-icon-list-text\">Are you not natural when speaking in front of others and you come across rather stiff?<\/span>\n\t\t\t\t\t\t\t\t\t<\/li>\n\t\t\t\t\t\t\t\t<li class=\"elementor-icon-list-item\">\n\t\t\t\t\t\t\t\t\t\t<span class=\"elementor-icon-list-text\">Do you not know how to present your topic in an exciting way?<\/span>\n\t\t\t\t\t\t\t\t\t<\/li>\n\t\t\t\t\t\t\t\t<li class=\"elementor-icon-list-item\">\n\t\t\t\t\t\t\t\t\t\t<span class=\"elementor-icon-list-text\">Do you seem insecure when presenting, even though you are an expert?<\/span>\n\t\t\t\t\t\t\t\t\t<\/li>\n\t\t\t\t\t\t\t\t<li class=\"elementor-icon-list-item\">\n\t\t\t\t\t\t\t\t\t\t<span class=\"elementor-icon-list-text\">Do you not enjoy \"public speaking\"?<\/span>\n\t\t\t\t\t\t\t\t\t<\/li>\n\t\t\t\t\t\t<\/ul>\n\t\t\t\t<\/div>\n\t\t\t\t<\/div>\n\t\t\t\t\t<\/div>\n\t\t<\/div>\n\t\t\t\t\t\t\t<\/div>\n\t\t<\/section>\n\t\t\t\t<section class=\"elementor-section elementor-top-section elementor-element elementor-element-7117fcc elementor-section-boxed elementor-section-height-default elementor-section-height-default\" data-id=\"7117fcc\" data-element_type=\"section\" data-settings=\"{&quot;background_background&quot;:&quot;classic&quot;}\">\n\t\t\t\t\t\t<div class=\"elementor-container elementor-column-gap-default\">\n\t\t\t\t\t<div class=\"elementor-column elementor-col-100 elementor-top-column elementor-element elementor-element-a290b5a\" data-id=\"a290b5a\" data-element_type=\"column\">\n\t\t\t<div class=\"elementor-widget-wrap elementor-element-populated\">\n\t\t\t\t\t\t\t\t<div class=\"elementor-element elementor-element-4b899af elementor-widget elementor-widget-heading\" data-id=\"4b899af\" data-element_type=\"widget\" data-widget_type=\"heading.default\">\n\t\t\t\t<div class=\"elementor-widget-container\">\n\t\t\t<h2 class=\"elementor-heading-title elementor-size-default\">You want more?<\/h2>\t\t<\/div>\n\t\t\t\t<\/div>\n\t\t\t\t\t<\/div>\n\t\t<\/div>\n\t\t\t\t\t\t\t<\/div>\n\t\t<\/section>\n\t\t\t\t<section class=\"elementor-section elementor-top-section elementor-element elementor-element-670253b elementor-section-boxed elementor-section-height-default elementor-section-height-default\" data-id=\"670253b\" data-element_type=\"section\" data-settings=\"{&quot;background_background&quot;:&quot;classic&quot;}\">\n\t\t\t\t\t\t<div class=\"elementor-container elementor-column-gap-default\">\n\t\t\t\t\t<div class=\"elementor-column elementor-col-50 elementor-top-column elementor-element elementor-element-089ecc1\" data-id=\"089ecc1\" data-element_type=\"column\">\n\t\t\t<div class=\"elementor-widget-wrap elementor-element-populated\">\n\t\t\t\t\t\t\t\t<div class=\"elementor-element elementor-element-6bb4f77 elementor-widget elementor-widget-image\" data-id=\"6bb4f77\" data-element_type=\"widget\" data-widget_type=\"image.default\">\n\t\t\t\t<div class=\"elementor-widget-container\">\n\t\t\t\t\t\t\t\t\t\t\t\t\t\t\t<img loading=\"lazy\" decoding=\"async\" width=\"940\" height=\"940\" src=\"https:\/\/cathyzimmermann.com\/wp-content\/uploads\/2022\/05\/Design-ohne-Titel.png\" class=\"attachment-large size-large wp-image-7881\" alt=\"\" srcset=\"https:\/\/cathyzimmermann.com\/wp-content\/uploads\/2022\/05\/Design-ohne-Titel.png 940w, https:\/\/cathyzimmermann.com\/wp-content\/uploads\/2022\/05\/Design-ohne-Titel-300x300.png 300w, https:\/\/cathyzimmermann.com\/wp-content\/uploads\/2022\/05\/Design-ohne-Titel-150x150.png 150w, https:\/\/cathyzimmermann.com\/wp-content\/uploads\/2022\/05\/Design-ohne-Titel-768x768.png 768w, https:\/\/cathyzimmermann.com\/wp-content\/uploads\/2022\/05\/Design-ohne-Titel-12x12.png 12w\" sizes=\"auto, (max-width: 940px) 100vw, 940px\" \/>\t\t\t\t\t\t\t\t\t\t\t\t\t\t\t<\/div>\n\t\t\t\t<\/div>\n\t\t\t\t\t<\/div>\n\t\t<\/div>\n\t\t\t\t<div class=\"elementor-column elementor-col-50 elementor-top-column elementor-element elementor-element-e3964fa\" data-id=\"e3964fa\" data-element_type=\"column\" data-settings=\"{&quot;background_background&quot;:&quot;classic&quot;}\">\n\t\t\t<div class=\"elementor-widget-wrap elementor-element-populated\">\n\t\t\t\t\t\t\t\t<div class=\"elementor-element elementor-element-a4a0836 elementor-widget elementor-widget-heading\" data-id=\"a4a0836\" data-element_type=\"widget\" data-widget_type=\"heading.default\">\n\t\t\t\t<div class=\"elementor-widget-container\">\n\t\t\t<h2 class=\"elementor-heading-title elementor-size-default\">Public Speaking in Business<\/h2>\t\t<\/div>\n\t\t\t\t<\/div>\n\t\t\t\t<div class=\"elementor-element elementor-element-03affc8 elementor-widget elementor-widget-text-editor\" data-id=\"03affc8\" data-element_type=\"widget\" data-widget_type=\"text-editor.default\">\n\t\t\t\t<div class=\"elementor-widget-container\">\n\t\t\t\t\t\t\t<p>If you don't enjoy presenting, if you are an expert in your topic, but come across rather insecure when speaking in front of others, if you don't know how to reach your counterpart to create attention or if you are simply far too nervous before your performance, then it might be time for an individual training. In the video I tell you how my coachings &amp; trainings really are and what you can expect!<\/p>\t\t\t\t\t\t<\/div>\n\t\t\t\t<\/div>\n\t\t\t\t<div class=\"elementor-element elementor-element-00e3214 elementor-align-center elementor-widget elementor-widget-button\" data-id=\"00e3214\" data-element_type=\"widget\" data-widget_type=\"button.default\">\n\t\t\t\t<div class=\"elementor-widget-container\">\n\t\t\t\t\t<div class=\"elementor-button-wrapper\">\n\t\t\t<a class=\"elementor-button elementor-button-link elementor-size-sm\" href=\"https:\/\/cathyzimmermann.com\/en\/coaching\/\">\n\t\t\t\t\t\t<span class=\"elementor-button-content-wrapper\">\n\t\t\t\t\t\t<span class=\"elementor-button-text\">Go to coaching<\/span>\n\t\t<\/span>\n\t\t\t\t\t<\/a>\n\t\t<\/div>\n\t\t\t\t<\/div>\n\t\t\t\t<\/div>\n\t\t\t\t\t<\/div>\n\t\t<\/div>\n\t\t\t\t\t\t\t<\/div>\n\t\t<\/section>\n\t\t\t\t<section class=\"elementor-section elementor-top-section elementor-element elementor-element-0b57131 elementor-section-boxed elementor-section-height-default elementor-section-height-default\" data-id=\"0b57131\" data-element_type=\"section\" data-settings=\"{&quot;background_background&quot;:&quot;classic&quot;}\">\n\t\t\t\t\t\t<div class=\"elementor-container elementor-column-gap-default\">\n\t\t\t\t\t<div class=\"elementor-column elementor-col-100 elementor-top-column elementor-element elementor-element-fdb72b3\" data-id=\"fdb72b3\" data-element_type=\"column\">\n\t\t\t<div class=\"elementor-widget-wrap\">\n\t\t\t\t\t\t\t\t\t<\/div>\n\t\t<\/div>\n\t\t\t\t\t\t\t<\/div>\n\t\t<\/section>\n\t\t\t\t\t\t\t<\/div>","protected":false},"excerpt":{"rendered":"<p>E-Book Public Speaking in Business \u201cPublic Speaking in Business\u201d! Mein zweites E-Book auf englisch ist da und vollgepackt mit Mehrwert, tollen Learnings und guten Ideen, die Dich bestimmt weiterbringen, solltest Du zu den Gl\u00fccklichen geh\u00f6ren, die vor anderen pr\u00e4sentieren \u201cm\u00fcssen&#8220;.\u00a0\u00a0 Da es in den letzten Monaten verst\u00e4rkt Anfragen nach englischsprachigem Content gibt, habe ich dieses &hellip;<\/p>\n<p class=\"read-more\"> <a class=\"\" href=\"https:\/\/cathyzimmermann.com\/en\/e-book\/\"> <span class=\"screen-reader-text\">E-Book<\/span> Read More &raquo;<\/a><\/p>","protected":false},"author":1,"featured_media":0,"parent":0,"menu_order":0,"comment_status":"closed","ping_status":"closed","template":"elementor_header_footer","meta":{"site-sidebar-layout":"no-sidebar","site-content-layout":"page-builder","ast-global-header-display":"","ast-main-header-display":"","ast-hfb-above-header-display":"","ast-hfb-below-header-display":"","ast-hfb-mobile-header-display":"","site-post-title":"disabled","ast-breadcrumbs-content":"","ast-featured-img":"","footer-sml-layout":"","theme-transparent-header-meta":"","adv-header-id-meta":"","stick-header-meta":"","header-above-stick-meta":"","header-main-stick-meta":"","header-below-stick-meta":"","footnotes":""},"class_list":["post-6245","page","type-page","status-publish","hentry"],"yoast_head":"<!-- This site is optimized with the Yoast SEO plugin v21.5 - https:\/\/yoast.com\/wordpress\/plugins\/seo\/ -->\n<title>E-Book - Cathy Zimmermann<\/title>\n<meta name=\"description\" content=\"Pr\u00e4sentieren wie ein Profi. Mache den ersten Schritt mit dem E-Book von Cathy Zimmermann.\" \/>\n<meta name=\"robots\" content=\"index, follow, max-snippet:-1, max-image-preview:large, max-video-preview:-1\" \/>\n<link rel=\"canonical\" href=\"https:\/\/cathyzimmermann.com\/en\/e-book\/\" \/>\n<meta property=\"og:locale\" content=\"en_US\" \/>\n<meta property=\"og:type\" content=\"article\" \/>\n<meta property=\"og:title\" content=\"E-Book - Cathy Zimmermann\" \/>\n<meta property=\"og:description\" content=\"Pr\u00e4sentieren wie ein Profi. Mache den ersten Schritt mit dem E-Book von Cathy Zimmermann.\" \/>\n<meta property=\"og:url\" content=\"https:\/\/cathyzimmermann.com\/en\/e-book\/\" \/>\n<meta property=\"og:site_name\" content=\"Cathy Zimmermann\" \/>\n<meta property=\"article:modified_time\" content=\"2022-08-31T16:58:13+00:00\" \/>\n<meta property=\"og:image\" content=\"https:\/\/cathyzimmermann.com\/wp-content\/uploads\/2022\/06\/Kopie-von-EN-Public-Speaking-in-Business-1-1-791x1024.png\" \/>\n<meta name=\"twitter:card\" content=\"summary_large_image\" \/>\n<meta name=\"twitter:label1\" content=\"Est. reading time\" \/>\n\t<meta name=\"twitter:data1\" content=\"2 minutes\" \/>\n<script type=\"application\/ld+json\" class=\"yoast-schema-graph\">{\"@context\":\"https:\/\/schema.org\",\"@graph\":[{\"@type\":\"WebPage\",\"@id\":\"https:\/\/cathyzimmermann.com\/e-book\/\",\"url\":\"https:\/\/cathyzimmermann.com\/e-book\/\",\"name\":\"E-Book - Cathy Zimmermann\",\"isPartOf\":{\"@id\":\"https:\/\/cathyzimmermann.com\/#website\"},\"datePublished\":\"2022-03-23T22:04:57+00:00\",\"dateModified\":\"2022-08-31T16:58:13+00:00\",\"description\":\"Pr\u00e4sentieren wie ein Profi. Mache den ersten Schritt mit dem E-Book von Cathy Zimmermann.\",\"breadcrumb\":{\"@id\":\"https:\/\/cathyzimmermann.com\/e-book\/#breadcrumb\"},\"inLanguage\":\"en-US\",\"potentialAction\":[{\"@type\":\"ReadAction\",\"target\":[\"https:\/\/cathyzimmermann.com\/e-book\/\"]}]},{\"@type\":\"BreadcrumbList\",\"@id\":\"https:\/\/cathyzimmermann.com\/e-book\/#breadcrumb\",\"itemListElement\":[{\"@type\":\"ListItem\",\"position\":1,\"name\":\"Startseite\",\"item\":\"https:\/\/cathyzimmermann.com\/\"},{\"@type\":\"ListItem\",\"position\":2,\"name\":\"E-Book\"}]},{\"@type\":\"WebSite\",\"@id\":\"https:\/\/cathyzimmermann.com\/#website\",\"url\":\"https:\/\/cathyzimmermann.com\/\",\"name\":\"Cathy Zimmermann\",\"description\":\"\",\"publisher\":{\"@id\":\"https:\/\/cathyzimmermann.com\/#\/schema\/person\/5a14243f644f81657363591d95071610\"},\"potentialAction\":[{\"@type\":\"SearchAction\",\"target\":{\"@type\":\"EntryPoint\",\"urlTemplate\":\"https:\/\/cathyzimmermann.com\/?s={search_term_string}\"},\"query-input\":\"required name=search_term_string\"}],\"inLanguage\":\"en-US\"},{\"@type\":[\"Person\",\"Organization\"],\"@id\":\"https:\/\/cathyzimmermann.com\/#\/schema\/person\/5a14243f644f81657363591d95071610\",\"name\":\"Cathy Zimmerman\",\"image\":{\"@type\":\"ImageObject\",\"inLanguage\":\"en-US\",\"@id\":\"https:\/\/cathyzimmermann.com\/#\/schema\/person\/image\/\",\"url\":\"http:\/\/cathyzimmermann.com\/wp-content\/uploads\/2022\/05\/cropped-CZ-15.png\",\"contentUrl\":\"http:\/\/cathyzimmermann.com\/wp-content\/uploads\/2022\/05\/cropped-CZ-15.png\",\"width\":512,\"height\":512,\"caption\":\"Cathy Zimmerman\"},\"logo\":{\"@id\":\"https:\/\/cathyzimmermann.com\/#\/schema\/person\/image\/\"},\"sameAs\":[\"https:\/\/www.instagram.com\/cathy_zimmermann\/\",\"https:\/\/www.linkedin.com\/in\/cathy-zimmermann\/\"]}]}<\/script>\n<!-- \/ Yoast SEO plugin. -->","yoast_head_json":{"title":"E-Book - Cathy Zimmermann","description":"Pr\u00e4sentieren wie ein Profi. Mache den ersten Schritt mit dem E-Book von Cathy Zimmermann.","robots":{"index":"index","follow":"follow","max-snippet":"max-snippet:-1","max-image-preview":"max-image-preview:large","max-video-preview":"max-video-preview:-1"},"canonical":"https:\/\/cathyzimmermann.com\/en\/e-book\/","og_locale":"en_US","og_type":"article","og_title":"E-Book - Cathy Zimmermann","og_description":"Pr\u00e4sentieren wie ein Profi. Mache den ersten Schritt mit dem E-Book von Cathy Zimmermann.","og_url":"https:\/\/cathyzimmermann.com\/en\/e-book\/","og_site_name":"Cathy Zimmermann","article_modified_time":"2022-08-31T16:58:13+00:00","og_image":[{"url":"https:\/\/cathyzimmermann.com\/wp-content\/uploads\/2022\/06\/Kopie-von-EN-Public-Speaking-in-Business-1-1-791x1024.png"}],"twitter_card":"summary_large_image","twitter_misc":{"Est. reading time":"2 minutes"},"schema":{"@context":"https:\/\/schema.org","@graph":[{"@type":"WebPage","@id":"https:\/\/cathyzimmermann.com\/e-book\/","url":"https:\/\/cathyzimmermann.com\/e-book\/","name":"E-Book - Cathy Zimmermann","isPartOf":{"@id":"https:\/\/cathyzimmermann.com\/#website"},"datePublished":"2022-03-23T22:04:57+00:00","dateModified":"2022-08-31T16:58:13+00:00","description":"Pr\u00e4sentieren wie ein Profi. Mache den ersten Schritt mit dem E-Book von Cathy Zimmermann.","breadcrumb":{"@id":"https:\/\/cathyzimmermann.com\/e-book\/#breadcrumb"},"inLanguage":"en-US","potentialAction":[{"@type":"ReadAction","target":["https:\/\/cathyzimmermann.com\/e-book\/"]}]},{"@type":"BreadcrumbList","@id":"https:\/\/cathyzimmermann.com\/e-book\/#breadcrumb","itemListElement":[{"@type":"ListItem","position":1,"name":"Startseite","item":"https:\/\/cathyzimmermann.com\/"},{"@type":"ListItem","position":2,"name":"E-Book"}]},{"@type":"WebSite","@id":"https:\/\/cathyzimmermann.com\/#website","url":"https:\/\/cathyzimmermann.com\/","name":"Cathy Zimmermann","description":"","publisher":{"@id":"https:\/\/cathyzimmermann.com\/#\/schema\/person\/5a14243f644f81657363591d95071610"},"potentialAction":[{"@type":"SearchAction","target":{"@type":"EntryPoint","urlTemplate":"https:\/\/cathyzimmermann.com\/?s={search_term_string}"},"query-input":"required name=search_term_string"}],"inLanguage":"en-US"},{"@type":["Person","Organization"],"@id":"https:\/\/cathyzimmermann.com\/#\/schema\/person\/5a14243f644f81657363591d95071610","name":"Cathy Zimmerman","image":{"@type":"ImageObject","inLanguage":"en-US","@id":"https:\/\/cathyzimmermann.com\/#\/schema\/person\/image\/","url":"http:\/\/cathyzimmermann.com\/wp-content\/uploads\/2022\/05\/cropped-CZ-15.png","contentUrl":"http:\/\/cathyzimmermann.com\/wp-content\/uploads\/2022\/05\/cropped-CZ-15.png","width":512,"height":512,"caption":"Cathy Zimmerman"},"logo":{"@id":"https:\/\/cathyzimmermann.com\/#\/schema\/person\/image\/"},"sameAs":["https:\/\/www.instagram.com\/cathy_zimmermann\/","https:\/\/www.linkedin.com\/in\/cathy-zimmermann\/"]}]}},"_links":{"self":[{"href":"https:\/\/cathyzimmermann.com\/en\/wp-json\/wp\/v2\/pages\/6245","targetHints":{"allow":["GET"]}}],"collection":[{"href":"https:\/\/cathyzimmermann.com\/en\/wp-json\/wp\/v2\/pages"}],"about":[{"href":"https:\/\/cathyzimmermann.com\/en\/wp-json\/wp\/v2\/types\/page"}],"author":[{"embeddable":true,"href":"https:\/\/cathyzimmermann.com\/en\/wp-json\/wp\/v2\/users\/1"}],"replies":[{"embeddable":true,"href":"https:\/\/cathyzimmermann.com\/en\/wp-json\/wp\/v2\/comments?post=6245"}],"version-history":[{"count":10,"href":"https:\/\/cathyzimmermann.com\/en\/wp-json\/wp\/v2\/pages\/6245\/revisions"}],"predecessor-version":[{"id":11531,"href":"https:\/\/cathyzimmermann.com\/en\/wp-json\/wp\/v2\/pages\/6245\/revisions\/11531"}],"wp:attachment":[{"href":"https:\/\/cathyzimmermann.com\/en\/wp-json\/wp\/v2\/media?parent=6245"}],"curies":[{"name":"wp","href":"https:\/\/api.w.org\/{rel}","templated":true}]}}